{"id":12,"date":"2015-10-22T18:32:36","date_gmt":"2015-10-22T18:32:36","guid":{"rendered":"http:\/\/www.maerchendrechsler.de\/wordpress\/?page_id=12"},"modified":"2015-11-19T18:22:16","modified_gmt":"2015-11-19T18:22:16","slug":"uber-mich","status":"publish","type":"page","link":"https:\/\/www.maerchendrechsler.de\/wordpress\/uber-mich\/","title":{"rendered":"\u00fcber mich"},"content":{"rendered":"<p><a href=\"https:\/\/www.maerchendrechsler.de\/wordpress\/wp-content\/uploads\/2015\/10\/Bild-G\u00e4nsbr\u00fch.jpg\"><img loading=\"lazy\" decoding=\"async\" class=\"size-medium wp-image-13 alignleft\" src=\"https:\/\/www.maerchendrechsler.de\/wordpress\/wp-content\/uploads\/2015\/10\/Bild-G\u00e4nsbr\u00fch-228x300.jpg\" alt=\"Bild G\u00e4nsbr\u00fch\" width=\"228\" height=\"300\" srcset=\"https:\/\/www.maerchendrechsler.de\/wordpress\/wp-content\/uploads\/2015\/10\/Bild-G\u00e4nsbr\u00fch-228x300.jpg 228w, https:\/\/www.maerchendrechsler.de\/wordpress\/wp-content\/uploads\/2015\/10\/Bild-G\u00e4nsbr\u00fch.jpg 667w\" sizes=\"auto, (max-width: 228px) 100vw, 228px\" \/><\/a>&#8222;M\u00e4rchen sind doch etwas f\u00fcr Kinder&#8220;, dachte ich wie viele, als ich vor einigen Jahren eher durch einen Zufall eine Erz\u00e4hlveranstaltung besuchte. An diesem Abend aber geschah etwas Unerwartetes und Wunderbares: Die M\u00e4rchen, die ich h\u00f6rte, be- und verzauberten mich und \u00f6ffneten so die T\u00fcr zu einer Welt, aus der ich mich schon vor langer Zeit verabschiedet hatte, von der ich aber heute wei\u00df, dass sie eine schier unersch\u00f6pfliche Quelle der Phantasie, der Inspiration, der Kraft und der Harmonie sein kann, wenn man sich auf das Abenteuer einl\u00e4sst, sie zu akzeptieren und zu entdecken. Als ich anfing, die Welt der M\u00e4rchen, Mythen und Legenden zu erkunden entstand bald der Wunsch, selbst das uralte Handwerk des Geschichtenerz\u00e4hlers zu erlernen, um dazu beizutragen, den reichen Schatz von Weisheit, Heilung und Zuversicht, den neue und alte Geschichten f\u00fcr uns bereit halten, weiter zu tragen. Nachdem ich meine Ausbildung am M\u00e4rchenzentrum Dornrosen abgeschlossen habe, mache ich auf meinen Erz\u00e4hlveranstaltungen immer wieder die Erfahrung, dass M\u00e4rchen uns in allen Lebensabschnitten bereichern und inspirieren und uns mit unserer Seele ins Gespr\u00e4ch bingen k\u00f6nnen. Heute w\u00fcrde ich also sagen: &#8222;M\u00e4rchen sind doch etwas f\u00fcr Kinder, Jugendliche UND Erwachsene&#8220;.<\/p>\n","protected":false},"excerpt":{"rendered":"<p>&#8222;M\u00e4rchen sind doch etwas f\u00fcr Kinder&#8220;, dachte ich wie viele, als ich vor einigen Jahren eher durch einen Zufall eine Erz\u00e4hlveranstaltung besuchte. An diesem Abend aber geschah etwas Unerwartetes und Wunderbares: Die M\u00e4rchen, die ich h\u00f6rte, be- und verzauberten mich und \u00f6ffneten so die T\u00fcr zu einer Welt, aus der ich mich schon vor langer &hellip; <a href=\"https:\/\/www.maerchendrechsler.de\/wordpress\/uber-mich\/\" class=\"more-link\"><span class=\"screen-reader-text\">\u00fcber mich<\/span> weiterlesen<\/a><\/p>\n","protected":false},"author":1,"featured_media":0,"parent":0,"menu_order":0,"comment_status":"closed","ping_status":"closed","template":"","meta":{"footnotes":""},"class_list":["post-12","page","type-page","status-publish","hentry"],"_links":{"self":[{"href":"https:\/\/www.maerchendrechsler.de\/wordpress\/wp-json\/wp\/v2\/pages\/12","targetHints":{"allow":["GET"]}}],"collection":[{"href":"https:\/\/www.maerchendrechsler.de\/wordpress\/wp-json\/wp\/v2\/pages"}],"about":[{"href":"https:\/\/www.maerchendrechsler.de\/wordpress\/wp-json\/wp\/v2\/types\/page"}],"author":[{"embeddable":true,"href":"https:\/\/www.maerchendrechsler.de\/wordpress\/wp-json\/wp\/v2\/users\/1"}],"replies":[{"embeddable":true,"href":"https:\/\/www.maerchendrechsler.de\/wordpress\/wp-json\/wp\/v2\/comments?post=12"}],"version-history":[{"count":9,"href":"https:\/\/www.maerchendrechsler.de\/wordpress\/wp-json\/wp\/v2\/pages\/12\/revisions"}],"predecessor-version":[{"id":40,"href":"https:\/\/www.maerchendrechsler.de\/wordpress\/wp-json\/wp\/v2\/pages\/12\/revisions\/40"}],"wp:attachment":[{"href":"https:\/\/www.maerchendrechsler.de\/wordpress\/wp-json\/wp\/v2\/media?parent=12"}],"curies":[{"name":"wp","href":"https:\/\/api.w.org\/{rel}","templated":true}]}}